{"id":40,"date":"2019-10-08T16:20:36","date_gmt":"2019-10-08T14:20:36","guid":{"rendered":"https:\/\/okakotudela.com\/?page_id=40"},"modified":"2022-04-19T17:09:09","modified_gmt":"2022-04-19T15:09:09","slug":"politique-de-confidentialite-okako-appartements","status":"publish","type":"page","link":"https:\/\/okakotudela.com\/fr\/politique-de-confidentialite-okako-appartements\/","title":{"rendered":"Politique de confidentialit\u00e9 Okako Appartements"},"content":{"rendered":"\t\t<div data-elementor-type=\"wp-page\" data-elementor-id=\"40\" class=\"elementor elementor-40\" data-elementor-post-type=\"page\">\n\t\t\t\t\t\t<section class=\"elementor-section elementor-top-section elementor-element elementor-element-7d44d29d elementor-section-height-min-height elementor-section-boxed elementor-section-height-default elementor-section-items-middle\" data-id=\"7d44d29d\" data-element_type=\"section\" data-e-type=\"section\" data-settings=\"{&quot;background_background&quot;:&quot;classic&quot;}\">\n\t\t\t\t\t\t<div class=\"elementor-container elementor-column-gap-default\">\n\t\t\t\t\t<div class=\"elementor-column elementor-col-100 elementor-top-column elementor-element elementor-element-1154a60a\" data-id=\"1154a60a\" data-element_type=\"column\" data-e-type=\"column\">\n\t\t\t<div class=\"elementor-widget-wrap elementor-element-populated\">\n\t\t\t\t\t\t<div class=\"elementor-element elementor-element-7a67cfb0 elementor-widget elementor-widget-heading\" data-id=\"7a67cfb0\" data-element_type=\"widget\" data-e-type=\"widget\" data-widget_type=\"heading.default\">\n\t\t\t\t\t<h1 class=\"elementor-heading-title elementor-size-default\">Politique de confidentialit\u00e9 <\/h1>\t\t\t\t<\/div>\n\t\t\t\t\t<\/div>\n\t\t<\/div>\n\t\t\t\t\t<\/div>\n\t\t<\/section>\n\t\t\t\t<section class=\"elementor-section elementor-top-section elementor-element elementor-element-1493d8e5 elementor-section-boxed elementor-section-height-default elementor-section-height-default\" data-id=\"1493d8e5\" data-element_type=\"section\" data-e-type=\"section\">\n\t\t\t\t\t\t<div class=\"elementor-container elementor-column-gap-default\">\n\t\t\t\t\t<div class=\"elementor-column elementor-col-100 elementor-top-column elementor-element elementor-element-2a47af01\" data-id=\"2a47af01\" data-element_type=\"column\" data-e-type=\"column\">\n\t\t\t<div class=\"elementor-widget-wrap elementor-element-populated\">\n\t\t\t\t\t\t<div class=\"elementor-element elementor-element-73579450 elementor-widget elementor-widget-text-editor\" data-id=\"73579450\" data-element_type=\"widget\" data-e-type=\"widget\" data-widget_type=\"text-editor.default\">\n\t\t\t\t\t\t\t\t\t<h1>POLITIQUE DE CONFIDENTIALIT\u00c9 DU SITE WEB<br \/>I. POLITIQUE DE CONFIDENTIALIT\u00c9 ET DE PROTECTION DES DONN\u00c9ES<\/h1><p>Conform\u00e9ment aux dispositions de la l\u00e9gislation en vigueur, Okako Apartments (ci-apr\u00e8s \u00e9galement Site Internet) s&rsquo;engage \u00e0 adopter les mesures techniques et organisationnelles n\u00e9cessaires, selon le niveau de s\u00e9curit\u00e9 adapt\u00e9 au risque des donn\u00e9es collect\u00e9es.<\/p><p><strong>Lois que cette politique de confidentialit\u00e9 incorpore<\/strong><\/p><p>Cette politique de confidentialit\u00e9 est adapt\u00e9e \u00e0 la l\u00e9gislation espagnole et europ\u00e9enne en vigueur en mati\u00e8re de protection des donn\u00e9es personnelles sur Internet. Plus pr\u00e9cis\u00e9ment, il respecte les r\u00e8glements suivants :<\/p><p>R\u00e8glement (UE) 2016\/679 du Parlement europ\u00e9en et du Conseil du 27 avril 2016 relatif \u00e0 la protection des personnes physiques \u00e0 l&rsquo;\u00e9gard du traitement des donn\u00e9es \u00e0 caract\u00e8re personnel et \u00e0 la libre circulation de ces donn\u00e9es (GDPR).<br \/>Loi organique 3\/2018, du 5 d\u00e9cembre, sur la protection des donn\u00e9es personnelles et la garantie des droits num\u00e9riques (LOPD-GDD).<br \/>D\u00e9cret royal 1720\/2007, du 21 d\u00e9cembre, portant approbation du r\u00e8glement d&rsquo;application de la loi organique 15\/1999, du 13 d\u00e9cembre, sur la protection des donn\u00e9es \u00e0 caract\u00e8re personnel (RDLOPD).<br \/>Loi 34\/2002, du 11 juillet, sur les services de la soci\u00e9t\u00e9 de l&rsquo;information et le commerce \u00e9lectronique (LSSI-CE).<br \/>Identit\u00e9 du responsable du traitement des donn\u00e9es personnelles<\/p><p>Le responsable du traitement des donn\u00e9es personnelles collect\u00e9es \u00e0 Okako Apartments est : Brain Jazz SL, avec le num\u00e9ro d&rsquo;identification fiscale : B75090761 (ci-apr\u00e8s, le contr\u00f4leur de donn\u00e9es). Ses coordonn\u00e9es sont les suivantes :<\/p><p><strong>Adresse et adresse fiscale :<\/strong> Calle Cortadores, 15 Tudela, Navarra 31500<\/p><p><strong>Num\u00e9ro de t\u00e9l\u00e9phone du contact :<\/strong> 617996338<\/p><p><strong>Courriel de contact :<\/strong> info@okakoapartments.com<\/p><h2>Registre des donn\u00e9es personnelles<\/h2><p>Conform\u00e9ment aux dispositions du RGPD et de la LOPD-GDD, nous vous informons que les donn\u00e9es personnelles recueillies par Okako Apartments, \u00e0 travers les formulaires fournis sur ses pages, seront incorpor\u00e9es et trait\u00e9es dans notre fichier afin de faciliter, d&rsquo;acc\u00e9l\u00e9rer et d&rsquo;ex\u00e9cuter les engagements \u00e9tablis entre Okako Apartments et l&rsquo;Utilisateur ou le maintien de la relation \u00e9tablie dans les formulaires que l&rsquo;Utilisateur remplit, ou pour r\u00e9pondre \u00e0 une demande ou une requ\u00eate de l&rsquo;Utilisateur. De m\u00eame, conform\u00e9ment aux dispositions du RGPD et de la LOPD-GDD, sauf exception pr\u00e9vue \u00e0 l&rsquo;article 30.5 du RGPD, un registre des activit\u00e9s de traitement est tenu qui pr\u00e9cise, en fonction de ses finalit\u00e9s, les activit\u00e9s de traitement r\u00e9alis\u00e9es et les autres circonstances \u00e9tablies dans le RGPD.<\/p><h2>Principes applicables au traitement des donn\u00e9es \u00e0 caract\u00e8re personnel<\/h2><p>Le traitement des donn\u00e9es personnelles de l&rsquo;Utilisateur est soumis aux principes suivants \u00e9nonc\u00e9s \u00e0 l&rsquo;article 5 du GDPR et aux articles 4 et suivants de la loi organique 3\/2018, du 5 d\u00e9cembre, relative \u00e0 la protection des donn\u00e9es personnelles et \u00e0 la garantie des droits num\u00e9riques :<\/p><p>Principe de lic\u00e9it\u00e9, de loyaut\u00e9 et de transparence : le consentement de l&rsquo;utilisateur est requis \u00e0 tout moment apr\u00e8s une information totalement transparente sur les finalit\u00e9s pour lesquelles les donn\u00e9es personnelles sont collect\u00e9es.<br \/>Principe de limitation des finalit\u00e9s : les donn\u00e9es personnelles seront collect\u00e9es pour des finalit\u00e9s d\u00e9termin\u00e9es, explicites et l\u00e9gitimes.<br \/>Principe de minimisation des donn\u00e9es : les donn\u00e9es personnelles collect\u00e9es seront uniquement celles qui sont strictement n\u00e9cessaires au regard des finalit\u00e9s pour lesquelles elles sont trait\u00e9es.<br \/>Principe d&rsquo;exactitude : les donn\u00e9es personnelles doivent \u00eatre exactes et toujours \u00e0 jour.<br \/>Principe de limitation de la dur\u00e9e de conservation : les donn\u00e9es \u00e0 caract\u00e8re personnel ne sont conserv\u00e9es sous une forme permettant l&rsquo;identification de l&rsquo;Utilisateur que pendant la dur\u00e9e n\u00e9cessaire aux finalit\u00e9s pour lesquelles elles sont trait\u00e9es.<br \/>Principe d&rsquo;int\u00e9grit\u00e9 et de confidentialit\u00e9 : les donn\u00e9es \u00e0 caract\u00e8re personnel sont trait\u00e9es de mani\u00e8re \u00e0 garantir leur s\u00e9curit\u00e9 et leur confidentialit\u00e9.<br \/>Principe de responsabilit\u00e9 proactive : le contr\u00f4leur est charg\u00e9 de veiller au respect des principes susmentionn\u00e9s.<\/p><h2>Cat\u00e9gories de donn\u00e9es \u00e0 caract\u00e8re personnel<\/h2><p>Les cat\u00e9gories de donn\u00e9es trait\u00e9es par Okako Apartments sont uniquement des donn\u00e9es d&rsquo;identification. En aucun cas, des cat\u00e9gories particuli\u00e8res de donn\u00e9es personnelles ne sont trait\u00e9es au sens de l&rsquo;article 9 du RGPD.<\/p><h2>Base juridique du traitement des donn\u00e9es \u00e0 caract\u00e8re personnel<\/h2><p>La base juridique du traitement des donn\u00e9es personnelles est le consentement. Okako Apartments s&rsquo;engage \u00e0 obtenir le consentement expr\u00e8s et v\u00e9rifiable de l&rsquo;Utilisateur pour le traitement de ses donn\u00e9es personnelles \u00e0 une ou plusieurs fins sp\u00e9cifiques.<\/p><p>L&rsquo;utilisateur a le droit de retirer son consentement \u00e0 tout moment. Il sera aussi facile de retirer son consentement que de le donner. En r\u00e8gle g\u00e9n\u00e9rale, le retrait du consentement ne conditionne pas l&rsquo;utilisation du site web.<\/p><p>Dans les occasions o\u00f9 l&rsquo;Utilisateur doit ou peut fournir ses donn\u00e9es \u00e0 travers des formulaires pour effectuer des consultations, demander des informations ou pour des raisons li\u00e9es au contenu du Site Web, il sera inform\u00e9 dans le cas o\u00f9 l&rsquo;accomplissement de l&rsquo;un d&rsquo;entre eux est obligatoire car il est essentiel pour le bon d\u00e9roulement de l&rsquo;op\u00e9ration effectu\u00e9e.<\/p><p>Finalit\u00e9s du traitement pour lequel les donn\u00e9es personnelles sont utilis\u00e9es<\/p><p>Les donn\u00e9es personnelles sont collect\u00e9es et g\u00e9r\u00e9es par Okako Apartments dans le but de faciliter, d&rsquo;acc\u00e9l\u00e9rer et d&rsquo;ex\u00e9cuter les engagements \u00e9tablis entre le site Web et l&rsquo;utilisateur ou le maintien de la relation \u00e9tablie dans les formulaires que ce dernier remplit ou pour r\u00e9pondre \u00e0 une demande ou une requ\u00eate.<\/p><p>De m\u00eame, les donn\u00e9es pourront \u00eatre utilis\u00e9es \u00e0 des fins commerciales de personnalisation, \u00e0 des fins op\u00e9rationnelles et statistiques, et \u00e0 des activit\u00e9s inh\u00e9rentes \u00e0 l&rsquo;objet social de Okako Apartments, ainsi qu&rsquo;\u00e0 des fins d&rsquo;extraction, de stockage de donn\u00e9es et d&rsquo;\u00e9tudes de marketing pour adapter les contenus propos\u00e9s \u00e0 l&rsquo;utilisateur, ainsi que pour am\u00e9liorer la qualit\u00e9, le fonctionnement et la navigation sur le site Web.<\/p><p>Au moment de la collecte des donn\u00e9es personnelles, l&rsquo;Utilisateur sera inform\u00e9 de la ou des finalit\u00e9s sp\u00e9cifiques du traitement pour lequel les donn\u00e9es personnelles seront utilis\u00e9es, c&rsquo;est-\u00e0-dire de l&rsquo;utilisation ou des utilisations des informations collect\u00e9es.<\/p><h2>D\u00e9lais de conservation des donn\u00e9es personnelles<\/h2><p>Les donn\u00e9es personnelles ne seront conserv\u00e9es que pendant la dur\u00e9e minimale n\u00e9cessaire aux fins de leur traitement et, en tout \u00e9tat de cause, uniquement pendant la p\u00e9riode suivante : tant que la relation commerciale est maintenue ou que vous ne demandez pas leur suppression et pendant la p\u00e9riode pendant laquelle des responsabilit\u00e9s l\u00e9gales peuvent na\u00eetre pour les services fournis, ou jusqu&rsquo;\u00e0 ce que l&rsquo;utilisateur demande leur suppression.<\/p><p>Au moment de l&rsquo;obtention des donn\u00e9es personnelles, l&rsquo;utilisateur sera inform\u00e9 de la p\u00e9riode pendant laquelle les donn\u00e9es personnelles seront conserv\u00e9es ou, lorsque cela n&rsquo;est pas possible, des crit\u00e8res utilis\u00e9s pour d\u00e9terminer cette p\u00e9riode.<\/p><h2>Destinataires des donn\u00e9es \u00e0 caract\u00e8re personnel<\/h2><p>Les donn\u00e9es personnelles de l&rsquo;utilisateur ne seront pas partag\u00e9es avec des tiers.<\/p><p>En tout \u00e9tat de cause, au moment de la collecte des donn\u00e9es personnelles, l&rsquo;Utilisateur sera inform\u00e9 des destinataires ou des cat\u00e9gories de destinataires des donn\u00e9es personnelles.<\/p><h2>Donn\u00e9es personnelles des mineurs<\/h2><p>Dans le respect des dispositions des articles 8 du RGPD et 7 de la loi organique 3\/2018, du 5 d\u00e9cembre, sur la protection des donn\u00e9es personnelles et la garantie des droits num\u00e9riques, seules les personnes \u00e2g\u00e9es de plus de 14 ans peuvent donner leur consentement au traitement de leurs donn\u00e9es personnelles de mani\u00e8re licite par Okako Apartments. Dans le cas d&rsquo;un mineur de moins de 14 ans, le consentement des parents ou des tuteurs est requis pour le traitement, et celui-ci ne sera consid\u00e9r\u00e9 comme licite que dans la mesure o\u00f9 les parents ou les tuteurs ont donn\u00e9 leur consentement.<\/p><h2>Secret et s\u00e9curit\u00e9 des donn\u00e9es personnelles<\/h2><p>Okako Apartments s&rsquo;engage \u00e0 adopter les mesures techniques et organisationnelles n\u00e9cessaires, selon le niveau de s\u00e9curit\u00e9 adapt\u00e9 au risque des donn\u00e9es collect\u00e9es, afin de garantir la s\u00e9curit\u00e9 des donn\u00e9es personnelles et d&rsquo;\u00e9viter la destruction, la perte ou l&rsquo;alt\u00e9ration accidentelle ou illicite des donn\u00e9es personnelles transmises, stock\u00e9es ou trait\u00e9es d&rsquo;une autre mani\u00e8re, ou la communication ou l&rsquo;acc\u00e8s non autoris\u00e9 \u00e0 ces donn\u00e9es.<\/p><p>Le site web dispose d&rsquo;un certificat SSL (Secure Socket Layer), qui garantit que les donn\u00e9es personnelles sont transmises de mani\u00e8re s\u00fbre et confidentielle, car la transmission des donn\u00e9es entre le serveur et l&rsquo;utilisateur, et en retour, est enti\u00e8rement crypt\u00e9e ou cod\u00e9e.<\/p><p>Cependant, en raison du fait que Okako Apartments ne peut pas garantir l&rsquo;impr\u00e9gnabilit\u00e9 d&rsquo;Internet ou l&rsquo;absence totale de hackers ou d&rsquo;autres personnes qui acc\u00e8dent frauduleusement aux donn\u00e9es personnelles, le Contr\u00f4leur des donn\u00e9es s&rsquo;engage \u00e0 notifier l&rsquo;Utilisateur sans d\u00e9lai excessif lorsqu&rsquo;une violation de la s\u00e9curit\u00e9 des donn\u00e9es personnelles se produit et est susceptible d&rsquo;entra\u00eener un risque \u00e9lev\u00e9 pour les droits et libert\u00e9s des personnes physiques. Conform\u00e9ment \u00e0 l&rsquo;article 4 du RGPD, une violation de la s\u00e9curit\u00e9 des donn\u00e9es \u00e0 caract\u00e8re personnel d\u00e9signe toute violation de la s\u00e9curit\u00e9 entra\u00eenant la destruction, la perte ou l&rsquo;alt\u00e9ration accidentelle ou illicite de donn\u00e9es \u00e0 caract\u00e8re personnel transmises, stock\u00e9es ou trait\u00e9es d&rsquo;une autre mani\u00e8re, ou la divulgation ou l&rsquo;acc\u00e8s non autoris\u00e9 \u00e0 ces donn\u00e9es.<\/p><p>Les donn\u00e9es personnelles sont trait\u00e9es de mani\u00e8re confidentielle par le Responsable du traitement, qui s&rsquo;engage \u00e0 informer et \u00e0 faire respecter, par une obligation l\u00e9gale ou contractuelle, cette confidentialit\u00e9 par ses employ\u00e9s, ses partenaires et toute personne \u00e0 laquelle il rend les informations accessibles.<\/p><p>Droits d\u00e9coulant du traitement des donn\u00e9es \u00e0 caract\u00e8re personnel<\/p><p>L&rsquo;Utilisateur dispose sur Okako Apartments et peut, par cons\u00e9quent, exercer \u00e0 l&rsquo;encontre du Contr\u00f4leur des donn\u00e9es les droits suivants reconnus par le RGPD et la loi organique 3\/2018, du 5 d\u00e9cembre, sur la protection des donn\u00e9es personnelles et la garantie des droits num\u00e9riques :<\/p><ul><li>Droit d&rsquo;acc\u00e8s : Il s&rsquo;agit du droit de l&rsquo;utilisateur d&rsquo;obtenir la confirmation qu&rsquo;Okako Apartments traite ou non ses donn\u00e9es personnelles et, dans l&rsquo;affirmative, d&rsquo;obtenir des informations sur ses donn\u00e9es personnelles sp\u00e9cifiques et sur le traitement qu&rsquo;Okako Apartments a effectu\u00e9 ou est en train d&rsquo;effectuer, ainsi que, entre autres, les informations disponibles sur l&rsquo;origine desdites donn\u00e9es et les destinataires des communications effectu\u00e9es ou pr\u00e9vues pour lesdites donn\u00e9es.<br \/>Droit de rectification : Il s&rsquo;agit du droit de l&rsquo;Utilisateur de faire modifier ses donn\u00e9es personnelles si elles s&rsquo;av\u00e8rent inexactes ou, compte tenu des finalit\u00e9s du traitement, incompl\u00e8tes.<br \/>Droit d&rsquo;effacement (\u00ab\u00a0droit \u00e0 l&rsquo;oubli\u00a0\u00bb) : Il s&rsquo;agit du droit de l&rsquo;Utilisateur, sauf disposition contraire de la loi, d&rsquo;obtenir l&rsquo;effacement de ses donn\u00e9es personnelles lorsqu&rsquo;elles ne sont plus n\u00e9cessaires aux fins pour lesquelles elles ont \u00e9t\u00e9 collect\u00e9es ou trait\u00e9es ; l&rsquo;Utilisateur a retir\u00e9 son consentement au traitement et le traitement n&rsquo;a pas d&rsquo;autre base juridique ; l&rsquo;utilisateur s&rsquo;oppose au traitement et il n&rsquo;y a pas d&rsquo;autre motif l\u00e9gitime pour poursuivre le traitement ; les donn\u00e9es \u00e0 caract\u00e8re personnel ont \u00e9t\u00e9 trait\u00e9es ill\u00e9galement ; les donn\u00e9es \u00e0 caract\u00e8re personnel doivent \u00eatre effac\u00e9es conform\u00e9ment \u00e0 une obligation l\u00e9gale ; ou les donn\u00e9es \u00e0 caract\u00e8re personnel ont \u00e9t\u00e9 obtenues \u00e0 la suite d&rsquo;une offre directe de services de la soci\u00e9t\u00e9 de l&rsquo;information \u00e0 un enfant de moins de 14 ans. Outre l&rsquo;effacement, le responsable du traitement prend, compte tenu de la technologie disponible et du co\u00fbt de sa mise en \u0153uvre, des mesures raisonnables pour informer les responsables du traitement des donn\u00e9es \u00e0 caract\u00e8re personnel de la demande d&rsquo;effacement de la personne concern\u00e9e de tout lien avec ces donn\u00e9es \u00e0 caract\u00e8re personnel.<br \/>Droit \u00e0 la limitation du traitement : il s&rsquo;agit du droit de l&rsquo;utilisateur de limiter le traitement de ses donn\u00e9es personnelles. L&rsquo;Utilisateur a le droit d&rsquo;obtenir la limitation du traitement lorsque l&rsquo;Utilisateur conteste l&rsquo;exactitude de ses donn\u00e9es personnelles ; le traitement est ill\u00e9gal ; le Contr\u00f4leur n&rsquo;a plus besoin des donn\u00e9es personnelles, mais l&rsquo;Utilisateur en a besoin pour faire des r\u00e9clamations ; et lorsque l&rsquo;Utilisateur s&rsquo;est oppos\u00e9 au traitement.<br \/>Droit \u00e0 la portabilit\u00e9 des donn\u00e9es : Lorsque le traitement est effectu\u00e9 par des moyens automatis\u00e9s, l&rsquo;utilisateur a le droit de recevoir du contr\u00f4leur ses donn\u00e9es personnelles dans un format structur\u00e9, couramment utilis\u00e9 et lisible par machine et de les transmettre \u00e0 un autre contr\u00f4leur. Lorsque cela est techniquement possible, le contr\u00f4leur transmet les donn\u00e9es directement \u00e0 cet autre contr\u00f4leur.<br \/>Droit d&rsquo;opposition : Il s&rsquo;agit du droit de l&rsquo;utilisateur de ne pas voir ses donn\u00e9es personnelles trait\u00e9es ou de cesser leur traitement par Okako Apartments.<br \/>Droit de ne pas faire l&rsquo;objet d&rsquo;une d\u00e9cision fond\u00e9e uniquement sur un traitement automatis\u00e9, y compris le profilage : Il s&rsquo;agit du droit de l&rsquo;Utilisateur de ne pas faire l&rsquo;objet d&rsquo;une d\u00e9cision individualis\u00e9e fond\u00e9e uniquement sur un traitement automatis\u00e9 de ses donn\u00e9es personnelles, y compris le profilage, sauf disposition contraire de la l\u00e9gislation en vigueur.<\/li><\/ul><p>Par cons\u00e9quent, l&rsquo;utilisateur peut exercer ses droits par le biais d&rsquo;une communication \u00e9crite adress\u00e9e au contr\u00f4leur des donn\u00e9es avec la r\u00e9f\u00e9rence \u00ab\u00a0RGPD-https:\/\/okakotudela.com\u00a0\u00bb, en pr\u00e9cisant :<\/p><p>Nom, pr\u00e9nom(s) de l&rsquo;utilisateur et une copie de sa pi\u00e8ce d&rsquo;identit\u00e9 nationale (DNI). Dans les cas o\u00f9 la repr\u00e9sentation est autoris\u00e9e, il sera \u00e9galement n\u00e9cessaire d&rsquo;identifier la personne repr\u00e9sentant l&rsquo;utilisateur par les m\u00eames moyens, ainsi que le document accr\u00e9ditant la repr\u00e9sentation. La photocopie du DNI peut \u00eatre remplac\u00e9e par tout autre moyen l\u00e9galement valable qui accr\u00e9dite l&rsquo;identit\u00e9.<br \/>Demande avec les raisons sp\u00e9cifiques de la demande ou des informations auxquelles l&rsquo;acc\u00e8s est demand\u00e9.<br \/>Adresse \u00e0 des fins de notification.<br \/>Date et signature du demandeur.<br \/>Tout document qui accr\u00e9dite la demande formul\u00e9e.<\/p><p>La pr\u00e9sente demande et tout autre document joint peuvent \u00eatre envoy\u00e9s \u00e0 l&rsquo;adresse suivante et\/ou \u00e0 l&rsquo;adresse \u00e9lectronique :<\/p><p><strong>Adresse postale :<\/strong> Calle Cortadores, 15 Tudela, Navarra 31500<\/p><p><strong>Courriel :<\/strong> info@okakoapartments.com<\/p><p><strong>Liens vers des sites web de tiers<\/strong><\/p><p>Le site Web peut inclure des hyperliens ou des liens permettant d&rsquo;acc\u00e9der \u00e0 des sites Web de tiers autres que ceux d&rsquo;Okako Apartments, et qui ne sont donc pas exploit\u00e9s par Okako Apartments. Les propri\u00e9taires de ces sites web auront leurs propres politiques de protection des donn\u00e9es, \u00e9tant eux-m\u00eames, dans chaque cas, responsables de leurs propres fichiers et de leurs propres pratiques de confidentialit\u00e9.<\/p><p><strong>Plaintes aupr\u00e8s de l&rsquo;autorit\u00e9 de surveillance<\/strong><\/p><p>Dans le cas o\u00f9 l&rsquo;Utilisateur consid\u00e8re qu&rsquo;il existe un probl\u00e8me ou une violation de la r\u00e9glementation en vigueur dans la mani\u00e8re dont ses donn\u00e9es personnelles sont trait\u00e9es, il a le droit de b\u00e9n\u00e9ficier d&rsquo;une protection judiciaire effective et d&rsquo;introduire une plainte aupr\u00e8s d&rsquo;une autorit\u00e9 de contr\u00f4le, en particulier, dans l&rsquo;\u00c9tat dans lequel il a sa r\u00e9sidence habituelle, son lieu de travail ou le lieu de la violation pr\u00e9sum\u00e9e. Dans le cas de l&rsquo;Espagne, l&rsquo;autorit\u00e9 de contr\u00f4le est l&rsquo;Agence espagnole de protection des donn\u00e9es (http:\/\/www.agpd.es).<\/p><h2>II. ACCEPTATION ET MODIFICATIONS DE LA PR\u00c9SENTE POLITIQUE DE CONFIDENTIALIT\u00c9<\/h2><p>Il est n\u00e9cessaire que l&rsquo;Utilisateur ait lu et accepte les conditions de protection des donn\u00e9es personnelles contenues dans la pr\u00e9sente Politique de confidentialit\u00e9, ainsi qu&rsquo;il accepte le traitement de ses donn\u00e9es personnelles afin que le Responsable du traitement puisse proc\u00e9der de la mani\u00e8re, pendant les p\u00e9riodes et aux fins indiqu\u00e9es. L&rsquo;utilisation du site web implique l&rsquo;acceptation de sa politique de confidentialit\u00e9.<\/p><p>Okako Apartments se r\u00e9serve le droit de modifier sa politique de confidentialit\u00e9, selon ses propres crit\u00e8res, ou motiv\u00e9e par un changement l\u00e9gislatif, jurisprudentiel ou doctrinal de l&rsquo;Agence espagnole de protection des donn\u00e9es. Les modifications ou mises \u00e0 jour de la pr\u00e9sente politique de confidentialit\u00e9 ne seront pas explicitement notifi\u00e9es \u00e0 l&rsquo;utilisateur. Il est recommand\u00e9 \u00e0 l&rsquo;utilisateur de consulter p\u00e9riodiquement cette page pour se tenir au courant des derniers changements ou mises \u00e0 jour.<\/p><p>La pr\u00e9sente politique de confidentialit\u00e9 a \u00e9t\u00e9 mise \u00e0 jour pour s&rsquo;adapter au r\u00e8glement (UE) 2016\/679 du Parlement europ\u00e9en et du Conseil du 27 avril 2016 relatif \u00e0 la protection des personnes physiques \u00e0 l&rsquo;\u00e9gard du traitement des donn\u00e9es \u00e0 caract\u00e8re personnel et \u00e0 la libre circulation de ces donn\u00e9es (GDPR) et \u00e0 la loi organique 3\/2018 du 5 d\u00e9cembre relative \u00e0 la protection des donn\u00e9es personnelles et \u00e0 la garantie des droits num\u00e9riques.<\/p><p>Le pr\u00e9sent document de politique de confidentialit\u00e9 du site Web a \u00e9t\u00e9 cr\u00e9\u00e9 \u00e0 l&rsquo;aide du g\u00e9n\u00e9rateur de mod\u00e8les de politique de confidentialit\u00e9 en ligne le 15\/3\/2022.<\/p>\t\t\t\t\t\t\t\t<\/div>\n\t\t\t\t\t<\/div>\n\t\t<\/div>\n\t\t\t\t\t<\/div>\n\t\t<\/section>\n\t\t\t\t<\/div>\n\t\t","protected":false},"excerpt":{"rendered":"<p>Politique de confidentialit\u00e9 POLITIQUE DE CONFIDENTIALIT\u00c9 DU SITE WEB I. POLITIQUE DE CONFIDENTIALIT\u00c9 ET DE PROTECTION DES DONN\u00c9ES Conform\u00e9ment aux dispositions de la l\u00e9gislation en vigueur, Okako Apartments (ci-apr\u00e8s \u00e9galement Site Internet) s&rsquo;engage \u00e0 adopter les mesures techniques et organisationnelles n\u00e9cessaires, selon le niveau de s\u00e9curit\u00e9 adapt\u00e9 au risque des donn\u00e9es collect\u00e9es. Lois que cette [&hellip;]<\/p>\n","protected":false},"author":1,"featured_media":0,"parent":0,"menu_order":0,"comment_status":"closed","ping_status":"closed","template":"elementor_header_footer","meta":{"_acf_changed":false,"_seopress_robots_primary_cat":"","_seopress_titles_title":"","_seopress_titles_desc":"","_seopress_robots_index":"","_genesis_hide_title":false,"_genesis_hide_breadcrumbs":false,"_genesis_hide_singular_image":false,"_genesis_hide_footer_widgets":false,"_genesis_custom_body_class":"legales","_genesis_custom_post_class":"","_genesis_layout":"","footnotes":""},"class_list":{"0":"post-40","1":"page","2":"type-page","3":"status-publish","5":"entry"},"acf":[],"_links":{"self":[{"href":"https:\/\/okakotudela.com\/fr\/wp-json\/wp\/v2\/pages\/40","targetHints":{"allow":["GET"]}}],"collection":[{"href":"https:\/\/okakotudela.com\/fr\/wp-json\/wp\/v2\/pages"}],"about":[{"href":"https:\/\/okakotudela.com\/fr\/wp-json\/wp\/v2\/types\/page"}],"author":[{"embeddable":true,"href":"https:\/\/okakotudela.com\/fr\/wp-json\/wp\/v2\/users\/1"}],"replies":[{"embeddable":true,"href":"https:\/\/okakotudela.com\/fr\/wp-json\/wp\/v2\/comments?post=40"}],"version-history":[{"count":27,"href":"https:\/\/okakotudela.com\/fr\/wp-json\/wp\/v2\/pages\/40\/revisions"}],"predecessor-version":[{"id":3142,"href":"https:\/\/okakotudela.com\/fr\/wp-json\/wp\/v2\/pages\/40\/revisions\/3142"}],"wp:attachment":[{"href":"https:\/\/okakotudela.com\/fr\/wp-json\/wp\/v2\/media?parent=40"}],"curies":[{"name":"wp","href":"https:\/\/api.w.org\/{rel}","templated":true}]}}