{"id":1306,"date":"2021-09-15T10:28:16","date_gmt":"2021-09-15T08:28:16","guid":{"rendered":"https:\/\/okakotudela.com\/?page_id=1306"},"modified":"2023-02-03T11:17:10","modified_gmt":"2023-02-03T10:17:10","slug":"contacter-okako-appartements-tudela","status":"publish","type":"page","link":"https:\/\/okakotudela.com\/fr\/contacter-okako-appartements-tudela\/","title":{"rendered":"Contacter Okako Appartements Tudela"},"content":{"rendered":"\t\t<div data-elementor-type=\"wp-page\" data-elementor-id=\"1306\" class=\"elementor elementor-1306\" data-elementor-post-type=\"page\">\n\t\t\t\t\t\t<section class=\"elementor-section elementor-top-section elementor-element elementor-element-31a657d8 elementor-section-height-min-height elementor-section-boxed elementor-section-height-default elementor-section-items-middle\" data-id=\"31a657d8\" data-element_type=\"section\" data-e-type=\"section\" data-settings=\"{&quot;background_background&quot;:&quot;classic&quot;}\">\n\t\t\t\t\t\t\t<div class=\"elementor-background-overlay\"><\/div>\n\t\t\t\t\t\t\t<div class=\"elementor-container elementor-column-gap-default\">\n\t\t\t\t\t<div class=\"elementor-column elementor-col-100 elementor-top-column elementor-element elementor-element-7ea15543\" data-id=\"7ea15543\" data-element_type=\"column\" data-e-type=\"column\">\n\t\t\t<div class=\"elementor-widget-wrap elementor-element-populated\">\n\t\t\t\t\t\t<div class=\"elementor-element elementor-element-2da798d elementor-widget elementor-widget-heading\" data-id=\"2da798d\" data-element_type=\"widget\" data-e-type=\"widget\" data-widget_type=\"heading.default\">\n\t\t\t\t\t<h1 class=\"elementor-heading-title elementor-size-default\">CONTACTER OKAKO TUDELA<\/h1>\t\t\t\t<\/div>\n\t\t\t\t\t<\/div>\n\t\t<\/div>\n\t\t\t\t\t<\/div>\n\t\t<\/section>\n\t\t\t\t<section class=\"elementor-section elementor-top-section elementor-element elementor-element-482ea2ac elementor-hidden-tablet elementor-hidden-mobile elementor-section-boxed elementor-section-height-default elementor-section-height-default\" data-id=\"482ea2ac\" data-element_type=\"section\" data-e-type=\"section\">\n\t\t\t\t\t\t<div class=\"elementor-container elementor-column-gap-default\">\n\t\t\t\t\t<div class=\"elementor-column elementor-col-100 elementor-top-column elementor-element elementor-element-2d0aebf4\" data-id=\"2d0aebf4\" data-element_type=\"column\" data-e-type=\"column\">\n\t\t\t<div class=\"elementor-widget-wrap elementor-element-populated\">\n\t\t\t\t\t\t<div class=\"elementor-element elementor-element-6a376fb elementor-align-center elementor-icon-list--layout-traditional elementor-list-item-link-full_width elementor-widget elementor-widget-icon-list\" data-id=\"6a376fb\" data-element_type=\"widget\" data-e-type=\"widget\" data-widget_type=\"icon-list.default\">\n\t\t\t\t\t\t\t<ul class=\"elementor-icon-list-items\">\n\t\t\t\t\t\t\t<li class=\"elementor-icon-list-item\">\n\t\t\t\t\t\t\t\t\t\t\t<span class=\"elementor-icon-list-icon\">\n\t\t\t\t\t\t\t<i aria-hidden=\"true\" class=\"eci  fontello-420bfc455-calendar\"><\/i>\t\t\t\t\t\t<\/span>\n\t\t\t\t\t\t\t\t\t\t<span class=\"elementor-icon-list-text\"> Re\u0301servez de\u0300s maintenant chez Okako Apartments Tudela et profitez de vos  vacances a\u0300 Tudela a\u0300 meilleur prix. Choisissez vos dates:<\/span>\n\t\t\t\t\t\t\t\t\t<\/li>\n\t\t\t\t\t\t<\/ul>\n\t\t\t\t\t\t<\/div>\n\t\t\t\t<div class=\"elementor-element elementor-element-5c48fa8 elementor-widget elementor-widget-shortcode\" data-id=\"5c48fa8\" data-element_type=\"widget\" data-e-type=\"widget\" data-widget_type=\"shortcode.default\">\n\t\t\t\t\t\t\t<div class=\"elementor-shortcode\">        <link href=\"https:\/\/fonts.googleapis.com\/css2?family=Roboto:ital,wght@0,100;0,200;0,300;0,400;0,500;0,600;0,700;0,800;0,900;1,100;1,200;1,300;1,400;1,500;1,600;1,700;1,800;1,900&display=swap\" rel=\"stylesheet\">\r\n<style>\r\n    .avc-calendar.avc-calendar-1 {\r\n        background-color: rgba(227, 236, 247, 0);\r\n        border-width: 0px;\r\n        border-color: rgba(0,0,0,1);\r\n        border-radius: 4px;\r\n        column-gap: 16px;\r\n        row-gap: 16px;\r\n        font-family: \"Roboto\";\r\n    }\r\n\r\n    \r\n    .avc-calendar.avc-calendar-1>.avc-input {\r\n        background-color: rgba(255,255,255,1);\r\n        border-width: 0px;\r\n        border-color: rgba(0,0,0,1);\r\n        border-radius: 4px;\r\n        color: rgba(92, 92, 92, 1);\r\n        font-size: 14px;\r\n        padding-top: 8px;\r\n        padding-bottom: 8px;\r\n    }\r\n    \r\n    .avc-calendar.avc-calendar-1>.avc-input>i {\r\n        color: rgba(92, 92, 92, 1);\r\n    }\r\n\r\n    .avc-calendar.avc-calendar-1>.avc-input>input {\r\n        font-size: 14px;\r\n    }\r\n\r\n    \/* Separated because of this: https:\/\/stackoverflow.com\/a\/39155868 *\/\r\n    .avc-calendar.avc-calendar-1input::placeholder {\r\n        color: inherit;\r\n        font-size: inherit;\r\n    }\r\n\r\n    .avc-calendar.avc-calendar-1input::-moz-placeholder {\r\n        color: inherit;\r\n        font-size: inherit;\r\n    }\r\n\r\n    .avc-calendar.avc-calendar-1input::-webkit-input-placeholder {\r\n        color: inherit;\r\n        font-size: inherit;\r\n    }\r\n\r\n    .avc-calendar.avc-calendar-1input:-ms-input-placeholder {\r\n        color: inherit;\r\n        font-size: inherit;\r\n    }\r\n\r\n    .avc-calendar.avc-calendar-1input::-ms-input-placeholder {\r\n        color: inherit;\r\n        font-size: inherit;\r\n    }\r\n\r\n    .avc-calendar.avc-calendar-1>.avc-button {\r\n        background-color: rgba(230, 46, 0, 1);\r\n        border-width: 0px;\r\n        border-color: rgba(0,0,0,1);\r\n        border-radius: 4px;\r\n        color: rgba(255,255,255,1);\r\n        font-size: 14px;\r\n        padding-top: 8px;\r\n        padding-bottom: 8px;\r\n    }\r\n\r\n    .avc-calendar.avc-calendar-1:not(.avc-calendar-v)>.avc-button {\r\n        width: 15%;\r\n    }\r\n\r\n    .avc-calendar.avc-calendar-1>.avc-button:hover {\r\n        background-color: rgba(231,56,13,1);\r\n    }\r\n\r\n    .avc-datepicker.avc-datepicker-1.ui-state-highlight {\r\n        border: 1px solid rgba(230, 46, 0, 1);\r\n        color: rgba(230, 46, 0, 1);\r\n    }\r\n\r\n    .avc-datepicker.avc-datepicker-1.ui-state-highlight:not(.ui-state-active):hover {\r\n        background-color: rgba(251,224,217,1);\r\n    }\r\n\r\n    .avc-datepicker.avc-datepicker-1.ui-datepicker table>tbody>tr>td>a.ui-state-active.ui-state-default {\r\n        border: 1px solid rgba(230, 46, 0, 1) !important;\r\n        background-color: rgba(230, 46, 0, 1) !important;\r\n        color: rgba(255,255,255,1) !important;\r\n    }\r\n<\/style>        \r\n<div class=\"avc-calendar avc-calendar-1  avc-calendar-spacing \" data-id=\"1\" id=\"avc-1\" data-categories=\"[]\" data-lang=\"fr\" data-globalredirect=\"true\" data-globalredirectId=\"3187\" >\r\n    <select\r\n        class=\"avc-input avc-establishment avc-establishment-1  avc-calendar-spacing \" style=\"display: none;\"\r\n        data-single=\"1\"\r\n        data-default-webcode=\"13434180\"\r\n    >\r\n        <option value=\"\">\u00c9tablissements<\/option>\r\n                <option value=\"13434180\" data-id=\"1\">\r\n            Okako        <\/option>\r\n            <\/select>\r\n        <label class=\"avc-input\">\r\n                    <i class=\"material-icons\">calendar_today<\/i>\r\n                <input type=\"text\" class=\"avc-arrival\" placeholder=\"Arriv\u00e9e\" readonly data-id=\"1\">\r\n    <\/label>\r\n    <label class=\"avc-input\">\r\n                    <i class=\"material-icons\">calendar_today<\/i>\r\n                <input type=\"text\" class=\"avc-departure\" placeholder=\"D\u00e9part\" readonly data-id=\"1\">\r\n    <\/label>\r\n    <label class=\"avc-input\" style=\"display: block;\">\r\n        <input type=\"text\" class=\"avc-promotion\" placeholder=\"Code promo\" value=\"\">\r\n    <\/label>\r\n    <button class=\"avc-button\" onclick=\"go_to_bengine(1)\" >R\u00e9server<\/button>\r\n    <input type=\"hidden\" id=\"avinput_redirect\" value=\"false\" data-pageRedirURL=\"https:\/\/okakotudela.com\/fr\/contacter-okako-appartements-tudela\/\">\r\n    <input type=\"hidden\" id=\"avinput_san\" value=\"false\">\r\n    <input type=\"hidden\" id=\"avinput_zones\" value=\"false\">\r\n<\/div><\/div>\n\t\t\t\t\t\t<\/div>\n\t\t\t\t\t<\/div>\n\t\t<\/div>\n\t\t\t\t\t<\/div>\n\t\t<\/section>\n\t\t\t\t<section class=\"elementor-section elementor-top-section elementor-element elementor-element-6261e13 elementor-section-content-middle elementor-section-boxed elementor-section-height-default elementor-section-height-default\" data-id=\"6261e13\" data-element_type=\"section\" data-e-type=\"section\">\n\t\t\t\t\t\t<div class=\"elementor-container elementor-column-gap-no\">\n\t\t\t\t\t<div class=\"elementor-column elementor-col-100 elementor-top-column elementor-element elementor-element-3374e84\" data-id=\"3374e84\" data-element_type=\"column\" data-e-type=\"column\">\n\t\t\t<div class=\"elementor-widget-wrap elementor-element-populated\">\n\t\t\t\t\t\t<section class=\"elementor-section elementor-inner-section elementor-element elementor-element-2f80418c elementor-section-content-middle elementor-section-boxed elementor-section-height-default elementor-section-height-default\" data-id=\"2f80418c\" data-element_type=\"section\" data-e-type=\"section\">\n\t\t\t\t\t\t<div class=\"elementor-container elementor-column-gap-no\">\n\t\t\t\t\t<div class=\"elementor-column elementor-col-50 elementor-inner-column elementor-element elementor-element-4df2c71f\" data-id=\"4df2c71f\" data-element_type=\"column\" data-e-type=\"column\">\n\t\t\t<div class=\"elementor-widget-wrap elementor-element-populated\">\n\t\t\t\t\t\t<div class=\"elementor-element elementor-element-ec29ce0 elementor-widget elementor-widget-heading\" data-id=\"ec29ce0\" data-element_type=\"widget\" data-e-type=\"widget\" data-widget_type=\"heading.default\">\n\t\t\t\t\t<h2 class=\"elementor-heading-title elementor-size-default\">CONTACT<\/h2>\t\t\t\t<\/div>\n\t\t\t\t<div class=\"elementor-element elementor-element-6a490075 elementor-widget elementor-widget-heading\" data-id=\"6a490075\" data-element_type=\"widget\" data-e-type=\"widget\" data-widget_type=\"heading.default\">\n\t\t\t\t\t<h2 class=\"elementor-heading-title elementor-size-default\">avec les Appartements Okako<\/h2>\t\t\t\t<\/div>\n\t\t\t\t<div class=\"elementor-element elementor-element-69ecfada elementor-widget elementor-widget-heading\" data-id=\"69ecfada\" data-element_type=\"widget\" data-e-type=\"widget\" data-widget_type=\"heading.default\">\n\t\t\t\t\t<h6 class=\"elementor-heading-title elementor-size-default\"><strong>Adresse:<\/strong> Calle Cortadores, 15\nTudela, Navarra 31500<\/h6>\t\t\t\t<\/div>\n\t\t\t\t<div class=\"elementor-element elementor-element-1d25aea4 elementor-widget elementor-widget-heading\" data-id=\"1d25aea4\" data-element_type=\"widget\" data-e-type=\"widget\" data-widget_type=\"heading.default\">\n\t\t\t\t\t<h6 class=\"elementor-heading-title elementor-size-default\"><a href=\"tel:+34617996338\">+34 617 99 63 38<\/a><\/h6>\t\t\t\t<\/div>\n\t\t\t\t<div class=\"elementor-element elementor-element-2cfb75d2 elementor-widget elementor-widget-heading\" data-id=\"2cfb75d2\" data-element_type=\"widget\" data-e-type=\"widget\" data-widget_type=\"heading.default\">\n\t\t\t\t\t<h6 class=\"elementor-heading-title elementor-size-default\"><a href=\"mailto:info@okakoapartments.com\">info@okakoapartments.com<\/a><\/h6>\t\t\t\t<\/div>\n\t\t\t\t<div class=\"elementor-element elementor-element-20c28be elementor-widget-divider--view-line elementor-widget elementor-widget-divider\" data-id=\"20c28be\" data-element_type=\"widget\" data-e-type=\"widget\" data-widget_type=\"divider.default\">\n\t\t\t\t\t\t\t<div class=\"elementor-divider\">\n\t\t\t<span class=\"elementor-divider-separator\">\n\t\t\t\t\t\t<\/span>\n\t\t<\/div>\n\t\t\t\t\t\t<\/div>\n\t\t\t\t<div class=\"elementor-element elementor-element-3d0a3d77 elementor-icon-list--layout-inline elementor-align-start elementor-list-item-link-full_width elementor-widget elementor-widget-icon-list\" data-id=\"3d0a3d77\" data-element_type=\"widget\" data-e-type=\"widget\" data-widget_type=\"icon-list.default\">\n\t\t\t\t\t\t\t<ul class=\"elementor-icon-list-items elementor-inline-items\">\n\t\t\t\t\t\t\t<li class=\"elementor-icon-list-item elementor-inline-item\">\n\t\t\t\t\t\t\t\t\t\t\t<a href=\"https:\/\/www.instagram.com\/okakohotels\" target=\"_blank\">\n\n\t\t\t\t\t\t\t\t\t\t\t\t<span class=\"elementor-icon-list-icon\">\n\t\t\t\t\t\t\t<svg aria-hidden=\"true\" class=\"e-font-icon-svg e-fab-instagram\" viewBox=\"0 0 448 512\" xmlns=\"http:\/\/www.w3.org\/2000\/svg\"><path d=\"M224.1 141c-63.6 0-114.9 51.3-114.9 114.9s51.3 114.9 114.9 114.9S339 319.5 339 255.9 287.7 141 224.1 141zm0 189.6c-41.1 0-74.7-33.5-74.7-74.7s33.5-74.7 74.7-74.7 74.7 33.5 74.7 74.7-33.6 74.7-74.7 74.7zm146.4-194.3c0 14.9-12 26.8-26.8 26.8-14.9 0-26.8-12-26.8-26.8s12-26.8 26.8-26.8 26.8 12 26.8 26.8zm76.1 27.2c-1.7-35.9-9.9-67.7-36.2-93.9-26.2-26.2-58-34.4-93.9-36.2-37-2.1-147.9-2.1-184.9 0-35.8 1.7-67.6 9.9-93.9 36.1s-34.4 58-36.2 93.9c-2.1 37-2.1 147.9 0 184.9 1.7 35.9 9.9 67.7 36.2 93.9s58 34.4 93.9 36.2c37 2.1 147.9 2.1 184.9 0 35.9-1.7 67.7-9.9 93.9-36.2 26.2-26.2 34.4-58 36.2-93.9 2.1-37 2.1-147.8 0-184.8zM398.8 388c-7.8 19.6-22.9 34.7-42.6 42.6-29.5 11.7-99.5 9-132.1 9s-102.7 2.6-132.1-9c-19.6-7.8-34.7-22.9-42.6-42.6-11.7-29.5-9-99.5-9-132.1s-2.6-102.7 9-132.1c7.8-19.6 22.9-34.7 42.6-42.6 29.5-11.7 99.5-9 132.1-9s102.7-2.6 132.1 9c19.6 7.8 34.7 22.9 42.6 42.6 11.7 29.5 9 99.5 9 132.1s2.7 102.7-9 132.1z\"><\/path><\/svg>\t\t\t\t\t\t<\/span>\n\t\t\t\t\t\t\t\t\t\t<span class=\"elementor-icon-list-text\"><\/span>\n\t\t\t\t\t\t\t\t\t\t\t<\/a>\n\t\t\t\t\t\t\t\t\t<\/li>\n\t\t\t\t\t\t<\/ul>\n\t\t\t\t\t\t<\/div>\n\t\t\t\t<div class=\"elementor-element elementor-element-5bb270c elementor-widget elementor-widget-heading\" data-id=\"5bb270c\" data-element_type=\"widget\" data-e-type=\"widget\" data-widget_type=\"heading.default\">\n\t\t\t\t\t<h6 class=\"elementor-heading-title elementor-size-default\">Arriv\u00e9e: 16:00 pm<br>\nD\u00e9part: 12:00 pm<\/h6>\t\t\t\t<\/div>\n\t\t\t\t\t<\/div>\n\t\t<\/div>\n\t\t\t\t<div class=\"elementor-column elementor-col-50 elementor-inner-column elementor-element elementor-element-ebc886b\" data-id=\"ebc886b\" data-element_type=\"column\" data-e-type=\"column\">\n\t\t\t<div class=\"elementor-widget-wrap elementor-element-populated\">\n\t\t\t\t\t\t<div class=\"elementor-element elementor-element-3c619fa4 elementor-widget elementor-widget-heading\" data-id=\"3c619fa4\" data-element_type=\"widget\" data-e-type=\"widget\" data-widget_type=\"heading.default\">\n\t\t\t\t\t<h3 class=\"elementor-heading-title elementor-size-default\">Avez-vous des questions?<\/h3>\t\t\t\t<\/div>\n\t\t\t\t<div class=\"elementor-element elementor-element-1a369c5b elementor-button-align-start enlaces-form elementor-widget elementor-widget-form\" data-id=\"1a369c5b\" data-element_type=\"widget\" data-e-type=\"widget\" data-settings=\"{&quot;step_next_label&quot;:&quot;Next&quot;,&quot;step_previous_label&quot;:&quot;Previous&quot;,&quot;button_width&quot;:&quot;100&quot;,&quot;step_type&quot;:&quot;number_text&quot;,&quot;step_icon_shape&quot;:&quot;circle&quot;}\" data-widget_type=\"form.default\">\n\t\t\t\t\t\t\t<form class=\"elementor-form\" method=\"post\" name=\"New Form\" aria-label=\"New Form\">\n\t\t\t<input type=\"hidden\" name=\"post_id\" value=\"1306\"\/>\n\t\t\t<input type=\"hidden\" name=\"form_id\" value=\"1a369c5b\"\/>\n\t\t\t<input type=\"hidden\" name=\"referer_title\" value=\"Contacter Okako Appartements Tudela\" \/>\n\n\t\t\t\t\t\t\t<input type=\"hidden\" name=\"queried_id\" value=\"1306\"\/>\n\t\t\t\n\t\t\t<div class=\"elementor-form-fields-wrapper elementor-labels-\">\n\t\t\t\t\t\t\t\t<div class=\"elementor-field-type-text elementor-field-group elementor-column elementor-field-group-name elementor-col-100\">\n\t\t\t\t\t\t\t\t\t\t\t\t<label for=\"form-field-name\" class=\"elementor-field-label elementor-screen-only\">\n\t\t\t\t\t\t\t\tNom\t\t\t\t\t\t\t<\/label>\n\t\t\t\t\t\t\t\t\t\t\t\t\t\t<input size=\"1\" type=\"text\" name=\"form_fields[name]\" id=\"form-field-name\" class=\"elementor-field elementor-size-sm  elementor-field-textual\" placeholder=\"Nom\">\n\t\t\t\t\t\t\t\t\t\t\t<\/div>\n\t\t\t\t\t\t\t\t<div class=\"elementor-field-type-tel elementor-field-group elementor-column elementor-field-group-email elementor-col-100 elementor-field-required\">\n\t\t\t\t\t\t\t\t\t\t\t\t<label for=\"form-field-email\" class=\"elementor-field-label elementor-screen-only\">\n\t\t\t\t\t\t\t\tT\u00e9l\u00e9phone\t\t\t\t\t\t\t<\/label>\n\t\t\t\t\t\t\t\t<input size=\"1\" type=\"tel\" name=\"form_fields[email]\" id=\"form-field-email\" class=\"elementor-field elementor-size-sm  elementor-field-textual\" placeholder=\"T\u00e9l\u00e9phone\" required=\"required\" pattern=\"[0-9()#&amp;+*-=.]+\" title=\"Seuls les caract\u00e8res de num\u00e9ros de t\u00e9l\u00e9phone (#, -, *, etc.) sont accept\u00e9s.\">\n\n\t\t\t\t\t\t<\/div>\n\t\t\t\t\t\t\t\t<div class=\"elementor-field-type-email elementor-field-group elementor-column elementor-field-group-field_bc063c3 elementor-col-100 elementor-field-required\">\n\t\t\t\t\t\t\t\t\t\t\t\t<label for=\"form-field-field_bc063c3\" class=\"elementor-field-label elementor-screen-only\">\n\t\t\t\t\t\t\t\tCourriel\t\t\t\t\t\t\t<\/label>\n\t\t\t\t\t\t\t\t\t\t\t\t\t\t<input size=\"1\" type=\"email\" name=\"form_fields[field_bc063c3]\" id=\"form-field-field_bc063c3\" class=\"elementor-field elementor-size-sm  elementor-field-textual\" placeholder=\"Courriel\" required=\"required\">\n\t\t\t\t\t\t\t\t\t\t\t<\/div>\n\t\t\t\t\t\t\t\t<div class=\"elementor-field-type-textarea elementor-field-group elementor-column elementor-field-group-message elementor-col-100\">\n\t\t\t\t\t\t\t\t\t\t\t\t<label for=\"form-field-message\" class=\"elementor-field-label elementor-screen-only\">\n\t\t\t\t\t\t\t\tMessage\t\t\t\t\t\t\t<\/label>\n\t\t\t\t\t\t<textarea class=\"elementor-field-textual elementor-field  elementor-size-sm\" name=\"form_fields[message]\" id=\"form-field-message\" rows=\"4\" placeholder=\"Message\"><\/textarea>\t\t\t\t<\/div>\n\t\t\t\t\t\t\t\t<div class=\"elementor-field-type-acceptance elementor-field-group elementor-column elementor-field-group-field_b262ccb elementor-col-100 elementor-field-required\">\n\t\t\t\t\t\t\t<div class=\"elementor-field-subgroup\">\n\t\t\t<span class=\"elementor-field-option\">\n\t\t\t\t<input type=\"checkbox\" name=\"form_fields[field_b262ccb]\" id=\"form-field-field_b262ccb\" class=\"elementor-field elementor-size-sm  elementor-acceptance-field\" required=\"required\">\n\t\t\t\t<label for=\"form-field-field_b262ccb\">J'ai lu et j'accepte les <a href=\"https:\/\/www.okakotudela.com\/politica-privacidad\/\">politique de confidentialit\u00e9<\/a> et le <a href=\"https:\/\/www.okakosantudela.com\/aviso-legal\/\">les avis juridiques.<\/a><\/label>\t\t\t<\/span>\n\t\t<\/div>\n\t\t\t\t\t\t<\/div>\n\t\t\t\t\t\t\t\t<div class=\"elementor-field-type-text\">\n\t\t\t\t\t<input size=\"1\" type=\"text\" name=\"form_fields[field_c3d406e]\" id=\"form-field-field_c3d406e\" class=\"elementor-field elementor-size-sm \" style=\"display:none !important;\">\t\t\t\t<\/div>\n\t\t\t\t\t\t\t\t<div class=\"elementor-field-type-text\">\n\t\t\t\t\t<input size=\"1\" type=\"text\" name=\"form_fields[field_66ec4a2]\" id=\"form-field-field_66ec4a2\" class=\"elementor-field elementor-size-sm \" style=\"display:none !important;\">\t\t\t\t<\/div>\n\t\t\t\t\t\t\t\t<div class=\"elementor-field-group elementor-column elementor-field-type-submit elementor-col-100 e-form__buttons\">\n\t\t\t\t\t<button class=\"elementor-button elementor-size-sm elementor-animation-shrink\" type=\"submit\">\n\t\t\t\t\t\t<span class=\"elementor-button-content-wrapper\">\n\t\t\t\t\t\t\t\t\t\t\t\t\t\t\t\t\t\t\t\t\t\t<span class=\"elementor-button-text\">Envoyer<\/span>\n\t\t\t\t\t\t\t\t\t\t\t\t\t<\/span>\n\t\t\t\t\t<\/button>\n\t\t\t\t<\/div>\n\t\t\t<\/div>\n\t\t<\/form>\n\t\t\t\t\t\t<\/div>\n\t\t\t\t<div class=\"elementor-element elementor-element-121b73f elementor-widget elementor-widget-toggle\" data-id=\"121b73f\" data-element_type=\"widget\" data-e-type=\"widget\" data-widget_type=\"toggle.default\">\n\t\t\t\t\t\t\t<div class=\"elementor-toggle\">\n\t\t\t\t\t\t\t<div class=\"elementor-toggle-item\">\n\t\t\t\t\t<div id=\"elementor-tab-title-1891\" class=\"elementor-tab-title\" data-tab=\"1\" role=\"button\" aria-controls=\"elementor-tab-content-1891\" aria-expanded=\"false\">\n\t\t\t\t\t\t\t\t\t\t\t\t<span class=\"elementor-toggle-icon elementor-toggle-icon-left\" aria-hidden=\"true\">\n\t\t\t\t\t\t\t\t\t\t\t\t\t\t\t<span class=\"elementor-toggle-icon-closed\"><svg class=\"e-font-icon-svg e-fas-caret-right\" viewBox=\"0 0 192 512\" xmlns=\"http:\/\/www.w3.org\/2000\/svg\"><path d=\"M0 384.662V127.338c0-17.818 21.543-26.741 34.142-14.142l128.662 128.662c7.81 7.81 7.81 20.474 0 28.284L34.142 398.804C21.543 411.404 0 402.48 0 384.662z\"><\/path><\/svg><\/span>\n\t\t\t\t\t\t\t\t<span class=\"elementor-toggle-icon-opened\"><svg class=\"elementor-toggle-icon-opened e-font-icon-svg e-fas-caret-up\" viewBox=\"0 0 320 512\" xmlns=\"http:\/\/www.w3.org\/2000\/svg\"><path d=\"M288.662 352H31.338c-17.818 0-26.741-21.543-14.142-34.142l128.662-128.662c7.81-7.81 20.474-7.81 28.284 0l128.662 128.662c12.6 12.599 3.676 34.142-14.142 34.142z\"><\/path><\/svg><\/span>\n\t\t\t\t\t\t\t\t\t\t\t\t\t<\/span>\n\t\t\t\t\t\t\t\t\t\t\t\t<a class=\"elementor-toggle-title\" tabindex=\"0\">PRIVACY<\/a>\n\t\t\t\t\t<\/div>\n\n\t\t\t\t\t<div id=\"elementor-tab-content-1891\" class=\"elementor-tab-content elementor-clearfix\" data-tab=\"1\" role=\"region\" aria-labelledby=\"elementor-tab-title-1891\"><div id=\"elementor-tab-content-2481\" class=\"elementor-tab-content elementor-clearfix elementor-active\" role=\"tabpanel\" data-tab=\"1\" aria-labelledby=\"elementor-tab-title-2481\"><ol><li><strong> Coordination: <span id=\"value_COBJ6CF112\" class=\"labelVal crm-font-regular mL45 formatLtr\" data-fieldid=\"1845554000052955009\" data-maxlength=\"120\" data-zcqa=\"value_Representante\" data-uitypesele=\"133\">Adriana Garcia La Huerta<\/span><br \/><\/strong><\/li><li><strong>Objectif:<\/strong> pouvoir r\u00e9pondre au formulaire de contact par e-mail.<\/li><li><strong>L\u00e9gitimation:<\/strong> Consentement de la personne concern\u00e9e.<\/li><li><strong>B\u00e9n\u00e9ficiaires:<\/strong> Le formulaire sera envoy\u00e9 par e-mail \u00e0 une adresse e-mail de Okako Apartaments h\u00e9berg\u00e9e par HOSTALIA.<\/li><li><strong>Droits:<\/strong> Vous disposez d&rsquo;un droit d&rsquo;acc\u00e8s, de rectification et de suppression des donn\u00e9es, ainsi que d&rsquo;autres droits, comme expliqu\u00e9 dans les informations compl\u00e9mentaires.<\/li><li><strong>P\u00e9riode de conservation des donn\u00e9es:<\/strong> Jusqu&rsquo;\u00e0 ce que leur suppression soit demand\u00e9e par la personne concern\u00e9e.<\/li><li><strong> Informaci\u00f3n adicional: <\/strong> Puede consultar la informaci\u00f3n adicional y detallada sobre Protecci\u00f3n de Datos en el enlace a pie de pagina.<\/li><\/ol><\/div><\/div>\n\t\t\t\t<\/div>\n\t\t\t\t\t\t\t\t<\/div>\n\t\t\t\t\t\t<\/div>\n\t\t\t\t\t<\/div>\n\t\t<\/div>\n\t\t\t\t\t<\/div>\n\t\t<\/section>\n\t\t\t\t\t<\/div>\n\t\t<\/div>\n\t\t\t\t\t<\/div>\n\t\t<\/section>\n\t\t\t\t<section class=\"elementor-section elementor-top-section elementor-element elementor-element-47fe833 elementor-section-full_width elementor-section-height-default elementor-section-height-default\" data-id=\"47fe833\" data-element_type=\"section\" data-e-type=\"section\">\n\t\t\t\t\t\t<div class=\"elementor-container elementor-column-gap-no\">\n\t\t\t\t\t<div class=\"elementor-column elementor-col-100 elementor-top-column elementor-element elementor-element-d090225\" data-id=\"d090225\" data-element_type=\"column\" data-e-type=\"column\">\n\t\t\t<div class=\"elementor-widget-wrap elementor-element-populated\">\n\t\t\t\t\t\t<div class=\"elementor-element elementor-element-29a4a77 elementor-widget elementor-widget-google_maps\" data-id=\"29a4a77\" data-element_type=\"widget\" data-e-type=\"widget\" data-widget_type=\"google_maps.default\">\n\t\t\t\t\t\t\t<div class=\"elementor-custom-embed\">\n\t\t\t<iframe loading=\"lazy\"\n\t\t\t\t\tsrc=\"https:\/\/maps.google.com\/maps?q=Calle%20Cortadores%2C%2015%20Tudela%2C%20Navarra%2031500&#038;t=m&#038;z=10&#038;output=embed&#038;iwloc=near\"\n\t\t\t\t\ttitle=\"Calle Cortadores, 15 Tudela, Navarra 31500\"\n\t\t\t\t\taria-label=\"Calle Cortadores, 15 Tudela, Navarra 31500\"\n\t\t\t><\/iframe>\n\t\t<\/div>\n\t\t\t\t\t\t<\/div>\n\t\t\t\t\t<\/div>\n\t\t<\/div>\n\t\t\t\t\t<\/div>\n\t\t<\/section>\n\t\t\t\t<\/div>\n\t\t","protected":false},"excerpt":{"rendered":"<p>CONTACTER OKAKO TUDELA Re\u0301servez de\u0300s maintenant chez Okako Apartments Tudela et profitez de vos vacances a\u0300 Tudela a\u0300 meilleur prix. Choisissez vos dates: CONTACT avec les Appartements Okako Adresse: Calle Cortadores, 15 Tudela, Navarra 31500 +34 617 99 63 38 info@okakoapartments.com Arriv\u00e9e: 16:00 pm D\u00e9part: 12:00 pm Avez-vous des questions? PRIVACY Coordination: Adriana Garcia La [&hellip;]<\/p>\n","protected":false},"author":1,"featured_media":0,"parent":0,"menu_order":0,"comment_status":"closed","ping_status":"closed","template":"elementor_header_footer","meta":{"_acf_changed":false,"_seopress_robots_primary_cat":"","_seopress_titles_title":"","_seopress_titles_desc":"","_seopress_robots_index":"","_genesis_hide_title":false,"_genesis_hide_breadcrumbs":false,"_genesis_hide_singular_image":false,"_genesis_hide_footer_widgets":false,"_genesis_custom_body_class":"","_genesis_custom_post_class":"","_genesis_layout":"","footnotes":""},"class_list":{"0":"post-1306","1":"page","2":"type-page","3":"status-publish","5":"entry"},"acf":[],"_links":{"self":[{"href":"https:\/\/okakotudela.com\/fr\/wp-json\/wp\/v2\/pages\/1306","targetHints":{"allow":["GET"]}}],"collection":[{"href":"https:\/\/okakotudela.com\/fr\/wp-json\/wp\/v2\/pages"}],"about":[{"href":"https:\/\/okakotudela.com\/fr\/wp-json\/wp\/v2\/types\/page"}],"author":[{"embeddable":true,"href":"https:\/\/okakotudela.com\/fr\/wp-json\/wp\/v2\/users\/1"}],"replies":[{"embeddable":true,"href":"https:\/\/okakotudela.com\/fr\/wp-json\/wp\/v2\/comments?post=1306"}],"version-history":[{"count":111,"href":"https:\/\/okakotudela.com\/fr\/wp-json\/wp\/v2\/pages\/1306\/revisions"}],"predecessor-version":[{"id":3161,"href":"https:\/\/okakotudela.com\/fr\/wp-json\/wp\/v2\/pages\/1306\/revisions\/3161"}],"wp:attachment":[{"href":"https:\/\/okakotudela.com\/fr\/wp-json\/wp\/v2\/media?parent=1306"}],"curies":[{"name":"wp","href":"https:\/\/api.w.org\/{rel}","templated":true}]}}